{"id":10563,"date":"2025-11-06T12:38:31","date_gmt":"2025-11-06T11:38:31","guid":{"rendered":"https:\/\/www.campingpetitparis.com\/camping-ecogestures\/"},"modified":"2026-03-23T12:41:10","modified_gmt":"2026-03-23T11:41:10","slug":"camping-ecogestures","status":"publish","type":"page","link":"https:\/\/www.campingpetitparis.com\/en\/camping-ecogestures\/","title":{"rendered":"Camping ecogestures"},"content":{"rendered":"\n<h1 class=\"wp-block-heading\">Camping ecogestures<\/h1>\n\n<p>Even if vacations mean freedom, they must also mean sustainability.<\/p>\n\n<p>For several years now, the campsite has been committed to an eco-responsible approach to its operations. We do everything we can to preserve nature, from small everyday gestures to major renovation projects. <\/p>\n\n<h2 class=\"wp-block-heading\"><strong>What does it mean in practice?<\/strong><\/h2>\n\n<p><\/p>\n\n<div class=\"wp-block-media-text is-stacked-on-mobile\" style=\"grid-template-columns:51% auto\"><figure class=\"wp-block-media-text__media\"><img loading=\"lazy\" decoding=\"async\" width=\"1024\" height=\"768\" src=\"https:\/\/www.campingpetitparis.com\/wp-content\/uploads\/2026\/03\/img_6833-1024x768.jpeg\" alt=\"img 6833\" class=\"wp-image-12215 size-full\" srcset=\"https:\/\/www.campingpetitparis.com\/wp-content\/uploads\/2026\/03\/img_6833-1024x768.jpeg 1024w, https:\/\/www.campingpetitparis.com\/wp-content\/uploads\/2026\/03\/img_6833-300x225.jpeg 300w, https:\/\/www.campingpetitparis.com\/wp-content\/uploads\/2026\/03\/img_6833-768x576.jpeg 768w, https:\/\/www.campingpetitparis.com\/wp-content\/uploads\/2026\/03\/img_6833-1536x1152.jpeg 1536w, https:\/\/www.campingpetitparis.com\/wp-content\/uploads\/2026\/03\/img_6833-2048x1536.jpeg 2048w\" sizes=\"auto, (max-width: 1024px) 100vw, 1024px\" \/><\/figure><div class=\"wp-block-media-text__content\">\n<p><strong>LED bulbs<\/strong>: All buildings are equipped with LED bulbs. Thanks to their long life and low power consumption, their use drastically reduces waste production and electricity consumption. <\/p>\n\n\n\n<p><strong>A water regulator<\/strong>: Most of our taps in our sanitary facilities and rental units are equipped with a water saver to avoid over-consumption.<\/p>\n\n\n\n<p><strong>Key card switches<\/strong>: In some of our <a href=\"https:\/\/www.campingpetitparis.com\/en\/accommodation\/\">cottages<\/a>, an electrical box activates the lighting using your mobile home key. This means you no longer have to check if all the lights are off before heading out for a walk. <\/p>\n<\/div><\/div>\n\n<p><\/p>\n\n<figure class=\"wp-block-image aligncenter size-large is-resized\"><img loading=\"lazy\" decoding=\"async\" width=\"1024\" height=\"175\" src=\"https:\/\/www.campingpetitparis.com\/wp-content\/uploads\/2023\/03\/vagues-x1-1-1024x175.png\" alt=\"waves\" class=\"wp-image-751\" style=\"aspect-ratio:5.851959361393324;width:217px;height:auto\" srcset=\"https:\/\/www.campingpetitparis.com\/wp-content\/uploads\/2023\/03\/vagues-x1-1-1024x175.png 1024w, https:\/\/www.campingpetitparis.com\/wp-content\/uploads\/2023\/03\/vagues-x1-1-300x51.png 300w, https:\/\/www.campingpetitparis.com\/wp-content\/uploads\/2023\/03\/vagues-x1-1-768x131.png 768w, https:\/\/www.campingpetitparis.com\/wp-content\/uploads\/2023\/03\/vagues-x1-1-1536x262.png 1536w, https:\/\/www.campingpetitparis.com\/wp-content\/uploads\/2023\/03\/vagues-x1-1.png 1689w\" sizes=\"auto, (max-width: 1024px) 100vw, 1024px\" \/><\/figure>\n\n<p><\/p>\n\n<div class=\"wp-block-media-text has-media-on-the-right is-stacked-on-mobile\" style=\"grid-template-columns:auto 51%\"><div class=\"wp-block-media-text__content\">\n<p><strong>Smart heaters<\/strong>: Did you leave the door open and forget to turn off the heating? In our new rental apartments, the heating switches off automatically. <\/p>\n\n\n\n<p><strong>Photovoltaic panels<\/strong>: At the far end of the campsite, a storage shed has been built and covered over its entire surface with photovoltaic panels. This helps limit the impact of rising electricity prices and overproduction by power plants. <\/p>\n\n\n\n<p><strong>Solar lighting<\/strong>: Want to enjoy the campsite even during the night ? Small solar lights have been installed throughout the grounds to brighten up your evenings. <\/p>\n<\/div><figure class=\"wp-block-media-text__media\"><img loading=\"lazy\" decoding=\"async\" width=\"893\" height=\"670\" src=\"https:\/\/www.campingpetitparis.com\/wp-content\/uploads\/2025\/11\/phtovoltaiue-edited.jpg\" alt=\"photovoltaic panels\" class=\"wp-image-10510 size-full\" srcset=\"https:\/\/www.campingpetitparis.com\/wp-content\/uploads\/2025\/11\/phtovoltaiue-edited.jpg 893w, https:\/\/www.campingpetitparis.com\/wp-content\/uploads\/2025\/11\/phtovoltaiue-edited-300x225.jpg 300w, https:\/\/www.campingpetitparis.com\/wp-content\/uploads\/2025\/11\/phtovoltaiue-edited-768x576.jpg 768w\" sizes=\"auto, (max-width: 893px) 100vw, 893px\" \/><\/figure><\/div>\n\n<p><\/p>\n\n<figure class=\"wp-block-image aligncenter size-large is-resized\"><img loading=\"lazy\" decoding=\"async\" width=\"1024\" height=\"175\" src=\"https:\/\/www.campingpetitparis.com\/wp-content\/uploads\/2023\/03\/vagues-x1-1-1024x175.png\" alt=\"waves\" class=\"wp-image-751\" style=\"aspect-ratio:5.851959361393324;width:217px;height:auto\" srcset=\"https:\/\/www.campingpetitparis.com\/wp-content\/uploads\/2023\/03\/vagues-x1-1-1024x175.png 1024w, https:\/\/www.campingpetitparis.com\/wp-content\/uploads\/2023\/03\/vagues-x1-1-300x51.png 300w, https:\/\/www.campingpetitparis.com\/wp-content\/uploads\/2023\/03\/vagues-x1-1-768x131.png 768w, https:\/\/www.campingpetitparis.com\/wp-content\/uploads\/2023\/03\/vagues-x1-1-1536x262.png 1536w, https:\/\/www.campingpetitparis.com\/wp-content\/uploads\/2023\/03\/vagues-x1-1.png 1689w\" sizes=\"auto, (max-width: 1024px) 100vw, 1024px\" \/><\/figure>\n\n<p><\/p>\n\n<div class=\"wp-block-media-text is-stacked-on-mobile\"><figure class=\"wp-block-media-text__media\"><img loading=\"lazy\" decoding=\"async\" width=\"1024\" height=\"768\" src=\"https:\/\/www.campingpetitparis.com\/wp-content\/uploads\/2026\/03\/dji_20210609_153033_275-1024x768.jpg\" alt=\"dji 20210609 153033 275\" class=\"wp-image-12216 size-full\" srcset=\"https:\/\/www.campingpetitparis.com\/wp-content\/uploads\/2026\/03\/dji_20210609_153033_275-1024x768.jpg 1024w, https:\/\/www.campingpetitparis.com\/wp-content\/uploads\/2026\/03\/dji_20210609_153033_275-300x225.jpg 300w, https:\/\/www.campingpetitparis.com\/wp-content\/uploads\/2026\/03\/dji_20210609_153033_275-768x576.jpg 768w, https:\/\/www.campingpetitparis.com\/wp-content\/uploads\/2026\/03\/dji_20210609_153033_275.jpg 1504w\" sizes=\"auto, (max-width: 1024px) 100vw, 1024px\" \/><\/figure><div class=\"wp-block-media-text__content\">\n<p><strong>Washable containers<\/strong>: Order your meal at the snack bar (pizza, salad, tapas) and pick it up in an eco-friendly container. It\u2019s through these daily actions that we reduce our waste together. <\/p>\n\n\n\n<p><strong>Waste sorting<\/strong>: an easy habit. At the campsite entrance, a dedicated sorting area allows you to separate your waste: <\/p>\n\n\n\n<p><strong>Packaging bin<\/strong>: for plastic, cardboard, and metal packaging.<\/p>\n\n\n\n<p><strong>Glass bin<\/strong>: for glass bottles and jars.<\/p>\n\n\n\n<p><strong>Paper bin<\/strong>: for newspapers, catalogues, leaflets, and notebooks, but brown cardboard is strictly prohibited!<\/p>\n<\/div><\/div>\n\n<p><\/p>\n\n<figure class=\"wp-block-image aligncenter size-large is-resized\"><img loading=\"lazy\" decoding=\"async\" width=\"1024\" height=\"175\" src=\"https:\/\/www.campingpetitparis.com\/wp-content\/uploads\/2023\/03\/vagues-x1-1-1024x175.png\" alt=\"waves\" class=\"wp-image-751\" style=\"aspect-ratio:5.8533807829181494;width:211px;height:auto\" srcset=\"https:\/\/www.campingpetitparis.com\/wp-content\/uploads\/2023\/03\/vagues-x1-1-1024x175.png 1024w, https:\/\/www.campingpetitparis.com\/wp-content\/uploads\/2023\/03\/vagues-x1-1-300x51.png 300w, https:\/\/www.campingpetitparis.com\/wp-content\/uploads\/2023\/03\/vagues-x1-1-768x131.png 768w, https:\/\/www.campingpetitparis.com\/wp-content\/uploads\/2023\/03\/vagues-x1-1-1536x262.png 1536w, https:\/\/www.campingpetitparis.com\/wp-content\/uploads\/2023\/03\/vagues-x1-1.png 1689w\" sizes=\"auto, (max-width: 1024px) 100vw, 1024px\" \/><\/figure>\n\n<p><\/p>\n\n<div class=\"wp-block-media-text has-media-on-the-right is-stacked-on-mobile\"><div class=\"wp-block-media-text__content\">\n<p><strong>Our composting area<\/strong>: Because nothing is lost, everything is transformed! We provide a composter for your organic waste (fruit and vegetable peelings, coffee grounds, plant-based food scraps). It\u2019s an excellent way to reduce the volume of our bins while nourishing the soil in our gardens.  <\/p>\n\n\n\n<p><strong>Reusing plant waste<\/strong>: And yes&#8230; because our flowerbeds are also eco-responsible. When we prune our trees and hedges, we recover what has been cut back and turn it into wood chips or compost. <\/p>\n\n\n\n<p><strong>Zone sans pesticide<\/strong> : Ici, pour respecter la nature, tout le d\u00e9sherbage est r\u00e9alis\u00e9 manuellement.<\/p>\n<\/div><figure class=\"wp-block-media-text__media\"><img loading=\"lazy\" decoding=\"async\" width=\"888\" height=\"666\" src=\"https:\/\/www.campingpetitparis.com\/wp-content\/uploads\/2025\/11\/parterre-1-edited.jpg\" alt=\"Biodegradable recycled flowerbeds Camping Petit Paris&lt;br&gt;\" class=\"wp-image-10507 size-full\" srcset=\"https:\/\/www.campingpetitparis.com\/wp-content\/uploads\/2025\/11\/parterre-1-edited.jpg 888w, https:\/\/www.campingpetitparis.com\/wp-content\/uploads\/2025\/11\/parterre-1-edited-300x225.jpg 300w, https:\/\/www.campingpetitparis.com\/wp-content\/uploads\/2025\/11\/parterre-1-edited-768x576.jpg 768w\" sizes=\"auto, (max-width: 888px) 100vw, 888px\" \/><\/figure><\/div>\n\n<div style=\"height:23px\" aria-hidden=\"true\" class=\"wp-block-spacer\"><\/div>\n\n<figure class=\"wp-block-image aligncenter size-large is-resized\"><img loading=\"lazy\" decoding=\"async\" width=\"1024\" height=\"175\" src=\"https:\/\/www.campingpetitparis.com\/wp-content\/uploads\/2023\/03\/vagues-x1-1-1024x175.png\" alt=\"waves\" class=\"wp-image-751\" style=\"aspect-ratio:5.8533807829181494;width:211px;height:auto\" srcset=\"https:\/\/www.campingpetitparis.com\/wp-content\/uploads\/2023\/03\/vagues-x1-1-1024x175.png 1024w, https:\/\/www.campingpetitparis.com\/wp-content\/uploads\/2023\/03\/vagues-x1-1-300x51.png 300w, https:\/\/www.campingpetitparis.com\/wp-content\/uploads\/2023\/03\/vagues-x1-1-768x131.png 768w, https:\/\/www.campingpetitparis.com\/wp-content\/uploads\/2023\/03\/vagues-x1-1-1536x262.png 1536w, https:\/\/www.campingpetitparis.com\/wp-content\/uploads\/2023\/03\/vagues-x1-1.png 1689w\" sizes=\"auto, (max-width: 1024px) 100vw, 1024px\" \/><\/figure>\n\n<p><\/p>\n\n<div class=\"wp-block-media-text is-stacked-on-mobile\"><figure class=\"wp-block-media-text__media\"><img loading=\"lazy\" decoding=\"async\" width=\"1024\" height=\"768\" src=\"https:\/\/www.campingpetitparis.com\/wp-content\/uploads\/2025\/11\/velo-1-2-edited-1024x768.jpg\" alt=\"cycling cycle paths seaside\" class=\"wp-image-10504 size-full\" srcset=\"https:\/\/www.campingpetitparis.com\/wp-content\/uploads\/2025\/11\/velo-1-2-edited-1024x768.jpg 1024w, https:\/\/www.campingpetitparis.com\/wp-content\/uploads\/2025\/11\/velo-1-2-edited-300x225.jpg 300w, https:\/\/www.campingpetitparis.com\/wp-content\/uploads\/2025\/11\/velo-1-2-edited-768x576.jpg 768w, https:\/\/www.campingpetitparis.com\/wp-content\/uploads\/2025\/11\/velo-1-2-edited.jpg 1318w\" sizes=\"auto, (max-width: 1024px) 100vw, 1024px\" \/><\/figure><div class=\"wp-block-media-text__content\">\n<p><strong>A water fountain<\/strong>: With zero waste in mind, the campsite has installed a water fountain. No need to buy plastic bottles, just fill your flask with fresh, filtered water directly from our fountain. <\/p>\n\n\n\n<p><strong>A donation box<\/strong>: Do you have items you no longer use during your vacations? Don&#8217;t throw them away, donate them! They could be useful to someone else.  <\/p>\n\n\n\n<p><strong> <a href=\"https:\/\/www.campingpetitparis.com\/en\/nature-side\/bicycle-paths\/\">Cycle paths<\/a><\/strong>: The campsite is at the foot of a cycle path that will take you to the center of Les Sables d&#8217;Olonne. Put your car down for the duration of your stay and take advantage of the many cycle paths that the Vend\u00e9e has to offer. <\/p>\n<\/div><\/div>\n\n<p><\/p>\n\n<figure class=\"wp-block-image aligncenter size-large is-resized\"><img loading=\"lazy\" decoding=\"async\" width=\"1024\" height=\"175\" src=\"https:\/\/www.campingpetitparis.com\/wp-content\/uploads\/2023\/03\/vagues-x1-1-1024x175.png\" alt=\"waves\" class=\"wp-image-751\" style=\"aspect-ratio:5.8533807829181494;width:211px;height:auto\" srcset=\"https:\/\/www.campingpetitparis.com\/wp-content\/uploads\/2023\/03\/vagues-x1-1-1024x175.png 1024w, https:\/\/www.campingpetitparis.com\/wp-content\/uploads\/2023\/03\/vagues-x1-1-300x51.png 300w, https:\/\/www.campingpetitparis.com\/wp-content\/uploads\/2023\/03\/vagues-x1-1-768x131.png 768w, https:\/\/www.campingpetitparis.com\/wp-content\/uploads\/2023\/03\/vagues-x1-1-1536x262.png 1536w, https:\/\/www.campingpetitparis.com\/wp-content\/uploads\/2023\/03\/vagues-x1-1.png 1689w\" sizes=\"auto, (max-width: 1024px) 100vw, 1024px\" \/><\/figure>\n\n<div class=\"wp-block-group is-nowrap is-layout-flex wp-container-core-group-is-layout-6c531013 wp-block-group-is-layout-flex\">\n<p><\/p>\n\n\n\n<p><\/p>\n<\/div>\n\n<div class=\"wp-block-group has-border-color has-jaune-border-color is-layout-constrained wp-container-core-group-is-layout-301020a0 wp-block-group-is-layout-constrained\" style=\"border-width:1px;padding-top:var(--wp--preset--spacing--50);padding-right:var(--wp--preset--spacing--50);padding-bottom:var(--wp--preset--spacing--50);padding-left:var(--wp--preset--spacing--50)\">\n<h2 class=\"wp-block-heading\">Practical information  <\/h2>\n\n\n\n<p>For a number of years now, the team has been taking steps to avoid throwing away goods they no longer use. As a result, cutlery, pots and pans and other utensils are donated to various associations such as the Red Cross and Restos du Coeur. Meanwhile, blankets and comforters are donated to the SPA for our 4-legged friends.  <\/p>\n<\/div>\n\n<div style=\"height:25px\" aria-hidden=\"true\" class=\"wp-block-spacer\"><\/div>\n\n<figure class=\"wp-block-image aligncenter size-large is-resized has-custom-border\"><img loading=\"lazy\" decoding=\"async\" width=\"1024\" height=\"175\" src=\"https:\/\/www.campingpetitparis.com\/wp-content\/uploads\/2023\/03\/vagues-x1-1024x175.png\" alt=\"waves\" class=\"has-border-color has-white-border-color wp-image-194\" style=\"aspect-ratio:5.254650416933932;width:194px;height:auto\" srcset=\"https:\/\/www.campingpetitparis.com\/wp-content\/uploads\/2023\/03\/vagues-x1-1024x175.png 1024w, https:\/\/www.campingpetitparis.com\/wp-content\/uploads\/2023\/03\/vagues-x1-300x51.png 300w, https:\/\/www.campingpetitparis.com\/wp-content\/uploads\/2023\/03\/vagues-x1-768x131.png 768w, https:\/\/www.campingpetitparis.com\/wp-content\/uploads\/2023\/03\/vagues-x1-1536x262.png 1536w, https:\/\/www.campingpetitparis.com\/wp-content\/uploads\/2023\/03\/vagues-x1.png 1689w\" sizes=\"auto, (max-width: 1024px) 100vw, 1024px\" \/><\/figure>\n\n<p><\/p>\n\n<h2 class=\"wp-block-heading has-text-align-center\">It&#8217;s up to you!  <\/h2>\n\n<p class=\"has-text-align-center\">Here are 8 ways to reduce your carbon footprint on vacation:  <\/p>\n\n<div class=\"wp-block-group is-layout-constrained wp-block-group-is-layout-constrained\">\n<p>1 &#8211; Sort your waste.<\/p>\n\n\n\n<p>2 &#8211; Limit water and electricity consumption.<\/p>\n\n\n\n<p>3 &#8211; Shop with local producers.<\/p>\n\n\n\n<p>4 &#8211; Get around by bike or shuttle bus (July and August).<\/p>\n\n\n\n<p>5 &#8211; Use the campsite fountain to fill your bottles.<\/p>\n\n\n\n<p>6 &#8211; Take along an eco-responsible container to scour an order at the snack bar.<\/p>\n\n\n\n<p>7 &#8211; Unplug electrical appliances before leaving your home.<\/p>\n\n\n\n<p>8 &#8211; Check the use of air conditioning and heating.<\/p>\n\n\n\n<p><\/p>\n\n\n\n<figure class=\"wp-block-image aligncenter size-large is-resized has-custom-border\"><img loading=\"lazy\" decoding=\"async\" width=\"1024\" height=\"175\" src=\"https:\/\/www.campingpetitparis.com\/wp-content\/uploads\/2023\/03\/vagues-x1-1024x175.png\" alt=\"waves\" class=\"has-border-color has-white-border-color wp-image-194\" style=\"width:256px\" srcset=\"https:\/\/www.campingpetitparis.com\/wp-content\/uploads\/2023\/03\/vagues-x1-1024x175.png 1024w, https:\/\/www.campingpetitparis.com\/wp-content\/uploads\/2023\/03\/vagues-x1-300x51.png 300w, https:\/\/www.campingpetitparis.com\/wp-content\/uploads\/2023\/03\/vagues-x1-768x131.png 768w, https:\/\/www.campingpetitparis.com\/wp-content\/uploads\/2023\/03\/vagues-x1-1536x262.png 1536w, https:\/\/www.campingpetitparis.com\/wp-content\/uploads\/2023\/03\/vagues-x1.png 1689w\" sizes=\"auto, (max-width: 1024px) 100vw, 1024px\" \/><\/figure>\n<\/div>\n\n<figure class=\"wp-block-gallery has-nested-images columns-default is-cropped wp-block-gallery-1 is-layout-flex wp-block-gallery-is-layout-flex\">\n<figure class=\"wp-block-image size-large\"><img loading=\"lazy\" decoding=\"async\" width=\"1024\" height=\"768\" data-id=\"10540\" src=\"https:\/\/www.campingpetitparis.com\/wp-content\/uploads\/2025\/11\/fontiane-a-eau-1-1024x768.jpg\" alt=\"Water fountain Sables d'Olonne\" class=\"wp-image-10540\" srcset=\"https:\/\/www.campingpetitparis.com\/wp-content\/uploads\/2025\/11\/fontiane-a-eau-1-1024x768.jpg 1024w, https:\/\/www.campingpetitparis.com\/wp-content\/uploads\/2025\/11\/fontiane-a-eau-1-300x225.jpg 300w, https:\/\/www.campingpetitparis.com\/wp-content\/uploads\/2025\/11\/fontiane-a-eau-1-768x576.jpg 768w, https:\/\/www.campingpetitparis.com\/wp-content\/uploads\/2025\/11\/fontiane-a-eau-1.jpg 1536w\" sizes=\"auto, (max-width: 1024px) 100vw, 1024px\" \/><\/figure>\n\n\n\n<figure class=\"wp-block-image size-large\"><img loading=\"lazy\" decoding=\"async\" width=\"1024\" height=\"683\" data-id=\"10139\" src=\"https:\/\/www.campingpetitparis.com\/wp-content\/uploads\/2025\/06\/ile-d-yeu-velos-1024x683.jpg\" alt=\"bike ride ile d'yeu near camping Petit Paris Les Sables d'Olonne\" class=\"wp-image-10139\" srcset=\"https:\/\/www.campingpetitparis.com\/wp-content\/uploads\/2025\/06\/ile-d-yeu-velos-1024x683.jpg 1024w, https:\/\/www.campingpetitparis.com\/wp-content\/uploads\/2025\/06\/ile-d-yeu-velos-300x200.jpg 300w, https:\/\/www.campingpetitparis.com\/wp-content\/uploads\/2025\/06\/ile-d-yeu-velos-768x512.jpg 768w, https:\/\/www.campingpetitparis.com\/wp-content\/uploads\/2025\/06\/ile-d-yeu-velos.jpg 1200w\" sizes=\"auto, (max-width: 1024px) 100vw, 1024px\" \/><\/figure>\n\n\n\n<figure class=\"wp-block-image size-large\"><img loading=\"lazy\" decoding=\"async\" width=\"1024\" height=\"576\" data-id=\"22\" src=\"https:\/\/www.campingpetitparis.com\/wp-content\/uploads\/2023\/02\/diapo-1-1024x576.jpg\" alt=\"NATURE CAMPSITE IN THE HEART OF SABLES D'Olonne\" class=\"wp-image-22\" srcset=\"https:\/\/www.campingpetitparis.com\/wp-content\/uploads\/2023\/02\/diapo-1-1024x576.jpg 1024w, https:\/\/www.campingpetitparis.com\/wp-content\/uploads\/2023\/02\/diapo-1-300x169.jpg 300w, https:\/\/www.campingpetitparis.com\/wp-content\/uploads\/2023\/02\/diapo-1-768x432.jpg 768w, https:\/\/www.campingpetitparis.com\/wp-content\/uploads\/2023\/02\/diapo-1-1536x864.jpg 1536w, https:\/\/www.campingpetitparis.com\/wp-content\/uploads\/2023\/02\/diapo-1.jpg 1920w\" sizes=\"auto, (max-width: 1024px) 100vw, 1024px\" \/><\/figure>\n<\/figure>\n\n<p><\/p>\n","protected":false},"excerpt":{"rendered":"<p>Camping ecogestures Even if vacations mean freedom, they must also mean sustainability. For several years now, the campsite has been committed to an eco-responsible approach to its operations. We do everything we can to preserve nature, from small everyday gestures to major renovation projects. What does it mean in practice? LED bulbs: All buildings are [&hellip;]<\/p>\n","protected":false},"author":4,"featured_media":0,"parent":0,"menu_order":0,"comment_status":"closed","ping_status":"closed","template":"","meta":{"_seopress_robots_primary_cat":"","_seopress_titles_title":"","_seopress_titles_desc":"","_seopress_robots_index":"","footnotes":""},"class_list":["post-10563","page","type-page","status-publish","hentry"],"_links":{"self":[{"href":"https:\/\/www.campingpetitparis.com\/en\/wp-json\/wp\/v2\/pages\/10563","targetHints":{"allow":["GET"]}}],"collection":[{"href":"https:\/\/www.campingpetitparis.com\/en\/wp-json\/wp\/v2\/pages"}],"about":[{"href":"https:\/\/www.campingpetitparis.com\/en\/wp-json\/wp\/v2\/types\/page"}],"author":[{"embeddable":true,"href":"https:\/\/www.campingpetitparis.com\/en\/wp-json\/wp\/v2\/users\/4"}],"replies":[{"embeddable":true,"href":"https:\/\/www.campingpetitparis.com\/en\/wp-json\/wp\/v2\/comments?post=10563"}],"version-history":[{"count":12,"href":"https:\/\/www.campingpetitparis.com\/en\/wp-json\/wp\/v2\/pages\/10563\/revisions"}],"predecessor-version":[{"id":12242,"href":"https:\/\/www.campingpetitparis.com\/en\/wp-json\/wp\/v2\/pages\/10563\/revisions\/12242"}],"wp:attachment":[{"href":"https:\/\/www.campingpetitparis.com\/en\/wp-json\/wp\/v2\/media?parent=10563"}],"curies":[{"name":"wp","href":"https:\/\/api.w.org\/{rel}","templated":true}]}}