{"id":6340,"date":"2023-03-03T15:58:15","date_gmt":"2023-03-03T14:58:15","guid":{"rendered":"https:\/\/www.campingpetitparis.com\/contact\/"},"modified":"2023-03-27T09:44:15","modified_gmt":"2023-03-27T07:44:15","slug":"contact","status":"publish","type":"page","link":"https:\/\/www.campingpetitparis.com\/en\/contact\/","title":{"rendered":"Contact"},"content":{"rendered":"\n<h1 class=\"wp-block-heading\">Contact the 4* camping le Petit Paris<\/h1>\n\n<figure class=\"wp-block-image aligncenter size-full is-resized\"><img alt=\"\" loading=\"lazy\" decoding=\"async\" src=\"https:\/\/www.campingpetitparis.com\/wp-content\/uploads\/2023\/03\/cropped-logo-valide-png-e1678106870835.png\" alt=\"\" class=\"wp-image-180\" width=\"256\" height=\"163\" srcset=\"https:\/\/www.campingpetitparis.com\/wp-content\/uploads\/2023\/03\/cropped-logo-valide-png-e1678106870835.png 512w, https:\/\/www.campingpetitparis.com\/wp-content\/uploads\/2023\/03\/cropped-logo-valide-png-e1678106870835-300x191.png 300w\" sizes=\"auto, (max-width: 256px) 100vw, 256px\" \/><\/figure>\n<h2 class=\"has-text-align-center wp-block-heading\">Camping Le Petit Paris<\/h2>\n\n<p class=\"has-text-align-center\">41, rue du Petit Versailles<br\/>The Castle of Olonne<br\/>85180 LES SABLES D&#8217;OLONNE<br\/><strong>Tel:<\/strong> 02 51 22 04 44<br\/><strong>Mail: <\/strong><a href=\"mailto:contact@campingpetitparis.com\">contact@campingpetitparis.com<\/a><\/p>\n\n<figure class=\"wp-block-image aligncenter size-large is-resized has-custom-border\"><img alt=\"vagues\" loading=\"lazy\" decoding=\"async\" src=\"https:\/\/www.campingpetitparis.com\/wp-content\/uploads\/2023\/03\/vagues-x1-1-1024x175.png\" alt=\"\" class=\"has-border-color has-white-border-color wp-image-751\" style=\"border-width:21px\" width=\"256\" height=\"44\" srcset=\"https:\/\/www.campingpetitparis.com\/wp-content\/uploads\/2023\/03\/vagues-x1-1-1024x175.png 1024w, https:\/\/www.campingpetitparis.com\/wp-content\/uploads\/2023\/03\/vagues-x1-1-300x51.png 300w, https:\/\/www.campingpetitparis.com\/wp-content\/uploads\/2023\/03\/vagues-x1-1-768x131.png 768w, https:\/\/www.campingpetitparis.com\/wp-content\/uploads\/2023\/03\/vagues-x1-1-1536x262.png 1536w, https:\/\/www.campingpetitparis.com\/wp-content\/uploads\/2023\/03\/vagues-x1-1.png 1689w\" sizes=\"auto, (max-width: 256px) 100vw, 256px\" \/><\/figure>\n<div class=\"wp-block-columns alignwide is-layout-flex wp-container-core-columns-is-layout-28f84493 wp-block-columns-is-layout-flex\">\n<div class=\"wp-block-column is-layout-flow wp-block-column-is-layout-flow\">\t\t\t\t<form action=\"\" class=\"form-contact sevform needs-validation\" data-form-type=\"contact\" role=\"form\" method=\"post\" novalidate>\n\t\t\t<div class=\"form-row\">\n\t\t\t\t\t\t<div class=\"form-group col-md-6 \">\n\n\t\t\t<label class=\"col-form-label\" for=\"nom_nom\">\n\t\t\t\tName * \n\t\t\t<\/label>\n\n\t\t\t<input type=\"text\" id=\"nom_nom\" name=\"nom\" class=\"form-control\" value=\"\"  required>\n\n\t\t\t<div class=\"invalid-feedback\">Please fill in your last name<\/div>\n\t\t<\/div>\n\t\t\t\t<div class=\"form-group col-md-6 \">\n\n\t\t\t<label class=\"col-form-label\" for=\"prenom_prenom\">\n\t\t\t\tFirst name \n\t\t\t<\/label>\n\n\t\t\t<input type=\"text\" id=\"prenom_prenom\" name=\"prenom\" class=\"form-control\" value=\"\" >\n\n\t\t\t<div class=\"invalid-feedback\">Please fill in your first name<\/div>\n\t\t<\/div>\n\t\t\t\t\t<\/div>\n\t\t\t<div class=\"form-row\">\n\t\t\t\t\t\t<div class=\"form-group col-md-6 \">\n\n\t\t\t<label class=\"col-form-label\" for=\"email_email\">\n\t\t\t\tE-mail * \n\t\t\t<\/label>\n\n\t\t\t<input type=\"email\" id=\"email_email\" name=\"email\" class=\"form-control\" value=\"\"  required>\n\n\t\t\t<div class=\"invalid-feedback\">Please enter a valid email address<\/div>\n\t\t<\/div>\n\t\t\t\t<div class=\"form-group col-md-6 \">\n\n\t\t\t<label class=\"col-form-label\" for=\"tel_tel\">\n\t\t\t\tPhone \n\t\t\t<\/label>\n\n\t\t\t<input type=\"tel\" id=\"tel_tel\" name=\"tel\" class=\"form-control\" value=\"\" >\n\n\t\t\t<div class=\"invalid-feedback\">Please enter a valid phone number<\/div>\n\t\t<\/div>\n\t\t\t\t\t<\/div>\n\n\t\t\t\t\t<div class=\"form-group \">\n\n\t\t\t<label class=\"col-form-label\" for=\"adresse_adresse\">\n\t\t\t\tAddress \n\t\t\t<\/label>\n\n\t\t\t<input type=\"text\" id=\"adresse_adresse\" name=\"adresse\" class=\"form-control\" value=\"\" >\n\n\t\t\t<div class=\"invalid-feedback\">Please enter your address<\/div>\n\t\t<\/div>\n\t\t\n\t\t\t<div class=\"form-row\">\n\t\t\t\t\t<div class=\"form-group col-md-6 \">\n\n\t\t\t<label class=\"col-form-label\" for=\"cp_cp\">\n\t\t\t\tPostal code \n\t\t\t<\/label>\n\n\t\t\t<input type=\"text\" id=\"cp_cp\" name=\"cp\" class=\"form-control\" value=\"\" >\n\n\t\t\t<div class=\"invalid-feedback\">Please enter your postal code<\/div>\n\t\t<\/div>\n\t\t\t\t<div class=\"form-group col-md-6 \">\n\n\t\t\t<label class=\"col-form-label\" for=\"ville_ville\">\n\t\t\t\tCity \n\t\t\t<\/label>\n\n\t\t\t<input type=\"text\" id=\"ville_ville\" name=\"ville\" class=\"form-control\" value=\"\" >\n\n\t\t\t<div class=\"invalid-feedback\">Please enter your city<\/div>\n\t\t<\/div>\n\t\t\t\t\t<\/div>\n\n\t\t\t\t\t<div class=\"form-group \">\n\n\t\t\t<label class=\"col-form-label\" for=\"msg_msg\">\n\t\t\t\tMessage * \n\t\t\t<\/label>\n\n\t\t\t<textarea name=\"msg\" id=\"msg_msg\" class=\"form-control\" rows=\"3\"  required><\/textarea>\n\n\t\t\t<div class=\"invalid-feedback\">Please specify your request<\/div>\n\t\t<\/div>\n\t\t\n\t\t\t\t\t<div class=\"form-group \">\n\n\t\t\t\t\t\t<div class=\"form-check\">\n\n\t\t\t\t\t\t\t\t<input class=\"form-check-input\" type=\"checkbox\" value=\"1\" name=\"rgpd\" id=\"rgpd_rgpd\"  required >\n\n\t\t\t\t<label class=\"form-check-label\" for=\"rgpd_rgpd\">\n\t\t\t\t\tI agree that the information entered will be used in the context of the request for information and the commercial relationship that may result from it  *\t\t\t\t<\/label>\n\n\t\t\t\t<div class=\"invalid-feedback\">Your consent is required<\/div>\n\t\t\t<\/div>\n\t\t\t\t\t<\/div>\n\t\t\n\t\t\t\t\t<div class=\"form-group form-group-hcaptcha \">\n\n\t\t\t<div class=\"h-captcha \" data-sitekey=\"967b07c6-ecc4-4de3-8110-2b0cbb352658\"><\/div>\n\t\t\t<div class=\"invalid-feedback\">La v\u00e9rification du captcha a \u00e9chou\u00e9e. Veuillez essayer de nouveau<\/div>\n\t\t<\/div>\n\t\t\n\t\t\t<div class=\"form-group contact-texte-container\">\n\t\t\t\t<input type=\"text\" class=\"contact-texte\" name=\"texte\" value=\"\">\n\t\t\t<\/div>\n\n\t\t\t<div class=\"form-group text-center\">\n\t\t\t\t<input type=\"hidden\" name=\"nonce\" value=\"27690998be\">\n\t\t\t\t\t\t\t\t<button type=\"submit\" name=\"submit\" class=\"btn btn-primary\">Send<\/button>\n\t\t\t\t<small class=\"ml-3\">*Required field<\/small>\n\t\t\t<\/div>\n\t\t\t\n\t\t\t\n\t\t\t\t\t<script>\n\t\t\/*jshint esversion: 6 *\/\n\t\t( function() {\n\t\t\t'use strict';\n\t\t\twindow.addEventListener( 'load', function() {\n\n\t\t\t\tvar SEVForms       = document.getElementsByClassName( 'sevform' );\n\t\t\t\tvar submitSevForms = Array.prototype.filter.call( SEVForms, function( form ) {\n\n\t\t\t\t\tform.addEventListener( 'submit', function( event ) {\n\n\t\t\t\t\t\t\/\/ Fields validation.\n\t\t\t\t\t\tif ( form.classList.contains( 'needs-validation' ) ) {\n\n\t\t\t\t\t\t\tform.classList.add('was-validated');\n\n\t\t\t\t\t\t\tif ( form.checkValidity() === false ) {\n\n\t\t\t\t\t\t\t\tevent.preventDefault();\n\t\t\t\t\t\t\t\tevent.stopPropagation();\n\n\t\t\t\t\t\t\t\treturn false;\n\t\t\t\t\t\t\t}\n\t\t\t\t\t\t}\n\n\t\t\t\t\t\t\/\/ AJAX send.\n\t\t\t\t\t\tif ( form.classList.contains( 'send-with-ajax' ) ) {\n\n\t\t\t\t\t\t\tevent.preventDefault();\n\t\t\t\t\t\t\tevent.stopPropagation();\n\n\t\t\t\t\t\t\tvar httpRequest, data, formData, formType;\n\n\t\t\t\t\t\t\thttpRequest = new XMLHttpRequest();\n\t\t\t\t\t\t\tformData    = new FormData( form );\n\t\t\t\t\t\t\tformType    = form.getAttribute( 'data-form-type' );\n\t\t\t\t\t\t\tdata        = 'action=sevform_submit';\n\t\t\t\t\t\t\tdata       += '&type=' + formType;\n\n\t\t\t\t\t\t\tfor( var pair of formData.entries() ) {\n\t\t\t\t\t\t\t\tdata += '&' + pair[0] + '=' + pair[1];\n\t\t\t\t\t\t\t}\n\n\t\t\t\t\t\t\thttpRequest.onreadystatechange = function() {\n\n\t\t\t\t\t\t\t\tif ( httpRequest.readyState === XMLHttpRequest.DONE ) {\n\n\t\t\t\t\t\t\t\t\tif ( httpRequest.status === 200 ) {\n\n\t\t\t\t\t\t\t\t\t\tvar response = JSON.parse( httpRequest.responseText );\n\n\t\t\t\t\t\t\t\t\t\tif ( 'true' == xhr.responseText ) {\n\t\t\t\t\t\t\t\t\t\t\treturn true;\n\t\t\t\t\t\t\t\t\t\t}\n\t\t\t\t\t\t\t\t\t} else {\n\t\t\t\t\t\t\t\t\t\tconsole.log( 'There was a problem with the request.' );\n\t\t\t\t\t\t\t\t\t}\n\t\t\t\t\t\t\t\t}\n\t\t\t\t\t\t\t};\n\t\t\t\t\t\t\thttpRequest.open( 'POST', AjaxVar.ajaxurl );\n\t\t\t\t\t\t\thttpRequest.setRequestHeader( 'Content-Type', 'application\/x-www-form-urlencoded; charset=UTF-8' );\n\t\t\t\t\t\t\thttpRequest.send( data );\n\t\t\t\t\t\t}\n\t\t\t\t\t}, false );\n\t\t\t\t} );\n\t\t\t}, false );\n\t\t} )();\n\t\t<\/script>\n\t\t\t\t<\/form>\n\t\t\n<\/div>\n\n\n\n<div class=\"wp-block-column is-layout-flow wp-block-column-is-layout-flow\">\n<iframe src=\"https:\/\/www.google.com\/maps\/embed?pb=!1m14!1m8!1m3!1d26142.9255061484!2d-1.730800912120341!3d46.46976491047403!3m2!1i1024!2i768!4f13.1!3m3!1m2!1s0x480469b21088d83b%3A0x95f144d8a5b89eed!2sFlower%20Camping%20Le%20Petit%20Paris!5e0!3m2!1sfr!2sfr!4v1677855477071!5m2!1sfr!2sfr\" style=\"border:0;\" allowfullscreen=\"\" loading=\"lazy\" referrerpolicy=\"no-referrer-when-downgrade\" width=\"600\" height=\"100%\"><\/iframe>\n<\/div>\n<\/div>\n","protected":false},"excerpt":{"rendered":"<p>Contact the 4* camping le Petit Paris Camping Le Petit Paris 41, rue du Petit VersaillesThe Castle of Olonne85180 LES SABLES D&#8217;OLONNETel: 02 51 22 04 44Mail: contact@campingpetitparis.com<\/p>\n","protected":false},"author":1,"featured_media":0,"parent":0,"menu_order":0,"comment_status":"closed","ping_status":"closed","template":"","meta":{"_seopress_robots_primary_cat":"","_seopress_titles_title":"Camping 4* Le Petit Paris in Les Sables d'Olonne - Contact","_seopress_titles_desc":"For any information request about the 4* Camping Le Petit Paris in Les Sables d'Olonne in Vend\u00e9e, you can contact us at 02 51 22 04 44","_seopress_robots_index":"","footnotes":""},"class_list":["post-6340","page","type-page","status-publish","hentry"],"_links":{"self":[{"href":"https:\/\/www.campingpetitparis.com\/en\/wp-json\/wp\/v2\/pages\/6340","targetHints":{"allow":["GET"]}}],"collection":[{"href":"https:\/\/www.campingpetitparis.com\/en\/wp-json\/wp\/v2\/pages"}],"about":[{"href":"https:\/\/www.campingpetitparis.com\/en\/wp-json\/wp\/v2\/types\/page"}],"author":[{"embeddable":true,"href":"https:\/\/www.campingpetitparis.com\/en\/wp-json\/wp\/v2\/users\/1"}],"replies":[{"embeddable":true,"href":"https:\/\/www.campingpetitparis.com\/en\/wp-json\/wp\/v2\/comments?post=6340"}],"version-history":[{"count":1,"href":"https:\/\/www.campingpetitparis.com\/en\/wp-json\/wp\/v2\/pages\/6340\/revisions"}],"predecessor-version":[{"id":6344,"href":"https:\/\/www.campingpetitparis.com\/en\/wp-json\/wp\/v2\/pages\/6340\/revisions\/6344"}],"wp:attachment":[{"href":"https:\/\/www.campingpetitparis.com\/en\/wp-json\/wp\/v2\/media?parent=6340"}],"curies":[{"name":"wp","href":"https:\/\/api.w.org\/{rel}","templated":true}]}}