{"id":6345,"date":"2023-03-13T12:36:14","date_gmt":"2023-03-13T11:36:14","guid":{"rendered":"https:\/\/www.campingpetitparis.com\/de-voordelen-van-de-camping\/"},"modified":"2025-11-27T14:42:07","modified_gmt":"2025-11-27T13:42:07","slug":"de-voordelen-van-de-camping","status":"publish","type":"page","link":"https:\/\/www.campingpetitparis.com\/nl\/de-voordelen-van-de-camping\/","title":{"rendered":"De voordelen van de camping"},"content":{"rendered":"\n<h1 class=\"wp-block-heading\">Goede redenen om naar Le Petit Paris te komen<\/h1>\n\n\n\n<div class=\"wp-block-media-text alignwide is-stacked-on-mobile\"><figure class=\"wp-block-media-text__media\"><img loading=\"lazy\" decoding=\"async\" width=\"900\" height=\"675\" src=\"https:\/\/www.campingpetitparis.com\/wp-content\/uploads\/2023\/03\/DJI_20210609_124033_363-1.jpg\" alt=\"bord du lagon les sables d'olonne\" class=\"wp-image-1521 size-full\" srcset=\"https:\/\/www.campingpetitparis.com\/wp-content\/uploads\/2023\/03\/DJI_20210609_124033_363-1.jpg 900w, https:\/\/www.campingpetitparis.com\/wp-content\/uploads\/2023\/03\/DJI_20210609_124033_363-1-300x225.jpg 300w, https:\/\/www.campingpetitparis.com\/wp-content\/uploads\/2023\/03\/DJI_20210609_124033_363-1-768x576.jpg 768w\" sizes=\"auto, (max-width: 900px) 100vw, 900px\" \/><\/figure><div class=\"wp-block-media-text__content\">\n<h2 class=\"wp-block-heading\">De Waterrecreatie <\/h2>\n\n\n\n<p class=\"has-text-align-center\"><strong><em>Twee sferen voor iedereen om van te genieten<\/em><\/strong><\/p>\n\n\n\n<ul class=\"wp-block-list\">\n<li><a href=\"https:\/\/www.campingpetitparis.com\/nl\/overdekt-zwembad\/\">verwarmd zwembad<\/a> met uitschuifbaar dak en een kikkerbad met een kleine glijbaan.<\/li>\n\n\n\n<li>onze <a href=\"https:\/\/www.campingpetitparis.com\/nl\/de-lagune\/\">lagune<\/a> met zandstrand en massagestralen: een rustige en ontspannende omgeving<\/li>\n\n\n\n<li>onze waterglijbaan is leuk<\/li>\n\n\n\n<li>ligstoelen, fauteuils en parasols beschikbaar<\/li>\n<\/ul>\n<\/div><\/div>\n\n\n\n<figure class=\"wp-block-image aligncenter size-large is-resized has-custom-border\"><img alt=\"vagues\" loading=\"lazy\" decoding=\"async\" width=\"1024\" height=\"175\" src=\"https:\/\/www.campingpetitparis.com\/wp-content\/uploads\/2023\/03\/vagues-x1-1024x175.png\" alt=\"\" class=\"has-border-color has-white-border-color wp-image-194\" style=\"border-width:20px;width:304px;height:auto\" srcset=\"https:\/\/www.campingpetitparis.com\/wp-content\/uploads\/2023\/03\/vagues-x1-1024x175.png 1024w, https:\/\/www.campingpetitparis.com\/wp-content\/uploads\/2023\/03\/vagues-x1-300x51.png 300w, https:\/\/www.campingpetitparis.com\/wp-content\/uploads\/2023\/03\/vagues-x1-768x131.png 768w, https:\/\/www.campingpetitparis.com\/wp-content\/uploads\/2023\/03\/vagues-x1-1536x262.png 1536w, https:\/\/www.campingpetitparis.com\/wp-content\/uploads\/2023\/03\/vagues-x1.png 1689w\" sizes=\"auto, (max-width: 1024px) 100vw, 1024px\" \/><\/figure>\n\n\n\n<div class=\"wp-block-media-text alignwide has-media-on-the-right is-stacked-on-mobile\"><div class=\"wp-block-media-text__content\">\n<h2 class=\"wp-block-heading\">Zijn ligging<\/h2>\n\n\n\n<ul class=\"wp-block-list\">\n<li>tussen zee en platteland<\/li>\n\n\n\n<li>les Sables d&#8217;Olonne is een dynamische badplaats met een groot strand, watersporten, bars, restaurants en entertainment.<\/li>\n\n\n\n<li>dicht bij mooie en wilde <a href=\"https:\/\/www.campingpetitparis.com\/nl\/zeezijde\/de-stranden\/\">stranden<\/a> zoals het strand van Veillon en het strand van Sauveterre<\/li>\n\n\n\n<li>duinen, bossen en kwelders<\/li>\n<\/ul>\n<\/div><figure class=\"wp-block-media-text__media\"><img loading=\"lazy\" decoding=\"async\" width=\"1024\" height=\"683\" src=\"https:\/\/www.campingpetitparis.com\/wp-content\/uploads\/2023\/03\/grande-plage-les-sables-img_1935-1024x683-1.jpg\" alt=\"activit\u00e9 nautique les sables d'olonne\" class=\"wp-image-1228 size-full\" srcset=\"https:\/\/www.campingpetitparis.com\/wp-content\/uploads\/2023\/03\/grande-plage-les-sables-img_1935-1024x683-1.jpg 1024w, https:\/\/www.campingpetitparis.com\/wp-content\/uploads\/2023\/03\/grande-plage-les-sables-img_1935-1024x683-1-300x200.jpg 300w, https:\/\/www.campingpetitparis.com\/wp-content\/uploads\/2023\/03\/grande-plage-les-sables-img_1935-1024x683-1-768x512.jpg 768w\" sizes=\"auto, (max-width: 1024px) 100vw, 1024px\" \/><\/figure><\/div>\n\n\n\n<figure class=\"wp-block-image aligncenter size-large is-resized has-custom-border\"><img alt=\"vagues\" loading=\"lazy\" decoding=\"async\" width=\"1024\" height=\"175\" src=\"https:\/\/www.campingpetitparis.com\/wp-content\/uploads\/2023\/03\/vagues-x1-1024x175.png\" alt=\"\" class=\"has-border-color has-white-border-color wp-image-194\" style=\"border-width:20px;width:298px;height:auto\" srcset=\"https:\/\/www.campingpetitparis.com\/wp-content\/uploads\/2023\/03\/vagues-x1-1024x175.png 1024w, https:\/\/www.campingpetitparis.com\/wp-content\/uploads\/2023\/03\/vagues-x1-300x51.png 300w, https:\/\/www.campingpetitparis.com\/wp-content\/uploads\/2023\/03\/vagues-x1-768x131.png 768w, https:\/\/www.campingpetitparis.com\/wp-content\/uploads\/2023\/03\/vagues-x1-1536x262.png 1536w, https:\/\/www.campingpetitparis.com\/wp-content\/uploads\/2023\/03\/vagues-x1.png 1689w\" sizes=\"auto, (max-width: 1024px) 100vw, 1024px\" \/><\/figure>\n\n\n\n<div class=\"wp-block-media-text alignwide is-stacked-on-mobile\"><figure class=\"wp-block-media-text__media\"><img loading=\"lazy\" decoding=\"async\" width=\"900\" height=\"600\" src=\"https:\/\/www.campingpetitparis.com\/wp-content\/uploads\/2023\/03\/piste-cyclable-velo-les-sables-dolonne-IMG_8155.jpg\" alt=\"fietsen aan de Atlantische kust\" class=\"wp-image-1556 size-full\" srcset=\"https:\/\/www.campingpetitparis.com\/wp-content\/uploads\/2023\/03\/piste-cyclable-velo-les-sables-dolonne-IMG_8155.jpg 900w, https:\/\/www.campingpetitparis.com\/wp-content\/uploads\/2023\/03\/piste-cyclable-velo-les-sables-dolonne-IMG_8155-300x200.jpg 300w, https:\/\/www.campingpetitparis.com\/wp-content\/uploads\/2023\/03\/piste-cyclable-velo-les-sables-dolonne-IMG_8155-768x512.jpg 768w\" sizes=\"auto, (max-width: 900px) 100vw, 900px\" \/><\/figure><div class=\"wp-block-media-text__content\">\n<h2 class=\"wp-block-heading\">Op de Velodysed weg<\/h2>\n\n\n\n<p class=\"has-text-align-center\"><strong><em>Accueil V\u00e9lo geaccrediteerd<\/em><\/strong><\/p>\n\n\n\n<p>Talrijke fietspaden doorkruisen de kust en het achterland om de rijkdommen van de C\u00f4te de Lumi\u00e8re beter te ontdekken.<\/p>\n<\/div><\/div>\n\n\n\n<figure class=\"wp-block-image aligncenter size-large is-resized has-custom-border\"><img alt=\"vagues\" loading=\"lazy\" decoding=\"async\" width=\"1024\" height=\"175\" src=\"https:\/\/www.campingpetitparis.com\/wp-content\/uploads\/2023\/03\/vagues-x1-1024x175.png\" alt=\"\" class=\"has-border-color has-white-border-color wp-image-194\" style=\"border-width:20px;width:304px;height:auto\" srcset=\"https:\/\/www.campingpetitparis.com\/wp-content\/uploads\/2023\/03\/vagues-x1-1024x175.png 1024w, https:\/\/www.campingpetitparis.com\/wp-content\/uploads\/2023\/03\/vagues-x1-300x51.png 300w, https:\/\/www.campingpetitparis.com\/wp-content\/uploads\/2023\/03\/vagues-x1-768x131.png 768w, https:\/\/www.campingpetitparis.com\/wp-content\/uploads\/2023\/03\/vagues-x1-1536x262.png 1536w, https:\/\/www.campingpetitparis.com\/wp-content\/uploads\/2023\/03\/vagues-x1.png 1689w\" sizes=\"auto, (max-width: 1024px) 100vw, 1024px\" \/><\/figure>\n\n\n\n<div class=\"wp-block-media-text alignwide has-media-on-the-right is-stacked-on-mobile\"><div class=\"wp-block-media-text__content\">\n<h2 class=\"wp-block-heading\">Op mensenmaat in een groene omgeving<\/h2>\n\n\n\n<ul class=\"wp-block-list\">\n<li>warmte en eenvoud sinds de oprichting<\/li>\n\n\n\n<li>beheerd door dezelfde familie sinds 1983<\/li>\n\n\n\n<li>genesteld in een rustgevende, natuurlijke omgeving met overvloedige vegetatie<\/li>\n<\/ul>\n<\/div><figure class=\"wp-block-media-text__media\"><img loading=\"lazy\" decoding=\"async\" width=\"784\" height=\"582\" src=\"https:\/\/www.campingpetitparis.com\/wp-content\/uploads\/2023\/03\/imag2851.jpg\" alt=\"ontvangst van de camping in de Vend\u00e9e\" class=\"wp-image-65 size-full\" srcset=\"https:\/\/www.campingpetitparis.com\/wp-content\/uploads\/2023\/03\/imag2851.jpg 784w, https:\/\/www.campingpetitparis.com\/wp-content\/uploads\/2023\/03\/imag2851-300x223.jpg 300w, https:\/\/www.campingpetitparis.com\/wp-content\/uploads\/2023\/03\/imag2851-768x570.jpg 768w\" sizes=\"auto, (max-width: 784px) 100vw, 784px\" \/><\/figure><\/div>\n\n\n\n<figure class=\"wp-block-image aligncenter size-large is-resized has-custom-border\"><img alt=\"vagues\" loading=\"lazy\" decoding=\"async\" width=\"1024\" height=\"175\" src=\"https:\/\/www.campingpetitparis.com\/wp-content\/uploads\/2023\/03\/vagues-x1-1024x175.png\" alt=\"\" class=\"has-border-color has-white-border-color wp-image-194\" style=\"border-width:20px;width:316px;height:auto\" srcset=\"https:\/\/www.campingpetitparis.com\/wp-content\/uploads\/2023\/03\/vagues-x1-1024x175.png 1024w, https:\/\/www.campingpetitparis.com\/wp-content\/uploads\/2023\/03\/vagues-x1-300x51.png 300w, https:\/\/www.campingpetitparis.com\/wp-content\/uploads\/2023\/03\/vagues-x1-768x131.png 768w, https:\/\/www.campingpetitparis.com\/wp-content\/uploads\/2023\/03\/vagues-x1-1536x262.png 1536w, https:\/\/www.campingpetitparis.com\/wp-content\/uploads\/2023\/03\/vagues-x1.png 1689w\" sizes=\"auto, (max-width: 1024px) 100vw, 1024px\" \/><\/figure>\n\n\n\n<div class=\"wp-block-media-text alignwide is-stacked-on-mobile\"><figure class=\"wp-block-media-text__media\"><img loading=\"lazy\" decoding=\"async\" width=\"620\" height=\"620\" src=\"https:\/\/www.campingpetitparis.com\/wp-content\/uploads\/2023\/03\/00001000895.webp\" alt=\"ruime locaties\" class=\"wp-image-1646 size-full\" srcset=\"https:\/\/www.campingpetitparis.com\/wp-content\/uploads\/2023\/03\/00001000895.webp 620w, https:\/\/www.campingpetitparis.com\/wp-content\/uploads\/2023\/03\/00001000895-300x300.webp 300w, https:\/\/www.campingpetitparis.com\/wp-content\/uploads\/2023\/03\/00001000895-150x150.webp 150w\" sizes=\"auto, (max-width: 620px) 100vw, 620px\" \/><\/figure><div class=\"wp-block-media-text__content\">\n<h2 class=\"wp-block-heading\">Camping spirit nog steeds intact<\/h2>\n\n\n\n<ul class=\"wp-block-list\">\n<li>talrijke kale kampeerplaatsen voor kampeerders met tent, caravan of camper<\/li>\n\n\n\n<li>elektrische aansluiting: 10 amp\u00e8re<\/li>\n<\/ul>\n\n\n\n<p class=\"has-text-align-center\"><strong><em>Kampeerplaatsen en percelen:<\/em><\/strong><\/p>\n\n\n\n<ul class=\"wp-block-list\">\n<li>ruim<\/li>\n\n\n\n<li>priv\u00e9<\/li>\n\n\n\n<li>welomschreven<\/li>\n\n\n\n<li>gerechten<\/li>\n\n\n\n<li>grasrijk<\/li>\n<\/ul>\n<\/div><\/div>\n\n\n\n<figure class=\"wp-block-image aligncenter size-large is-resized has-custom-border\"><img alt=\"vagues\" loading=\"lazy\" decoding=\"async\" width=\"1024\" height=\"175\" src=\"https:\/\/www.campingpetitparis.com\/wp-content\/uploads\/2023\/03\/vagues-x1-1024x175.png\" alt=\"\" class=\"has-border-color has-white-border-color wp-image-194\" style=\"border-width:20px;width:292px;height:auto\" srcset=\"https:\/\/www.campingpetitparis.com\/wp-content\/uploads\/2023\/03\/vagues-x1-1024x175.png 1024w, https:\/\/www.campingpetitparis.com\/wp-content\/uploads\/2023\/03\/vagues-x1-300x51.png 300w, https:\/\/www.campingpetitparis.com\/wp-content\/uploads\/2023\/03\/vagues-x1-768x131.png 768w, https:\/\/www.campingpetitparis.com\/wp-content\/uploads\/2023\/03\/vagues-x1-1536x262.png 1536w, https:\/\/www.campingpetitparis.com\/wp-content\/uploads\/2023\/03\/vagues-x1.png 1689w\" sizes=\"auto, (max-width: 1024px) 100vw, 1024px\" \/><\/figure>\n\n\n\n<div class=\"wp-block-media-text alignwide has-media-on-the-right is-stacked-on-mobile\"><div class=\"wp-block-media-text__content\">\n<h2 class=\"wp-block-heading\">Klantervaring staat bij ons centraal<\/h2>\n\n\n\n<p>Warm en persoonlijk onthaal<\/p>\n\n\n\n<p>Het team geeft je graag toeristische informatie over de omgeving.<\/p>\n\n\n\n<p>Kwaliteitsinfrastructuren en -diensten<\/p>\n\n\n\n<p>Een souvenir- en cadeauwinkel<\/p>\n\n\n\n<p>Activiteiten en entertainment om je te vermaken<\/p>\n<\/div><figure class=\"wp-block-media-text__media\"><img loading=\"lazy\" decoding=\"async\" width=\"799\" height=\"1024\" src=\"https:\/\/www.campingpetitparis.com\/wp-content\/uploads\/2025\/11\/Manon-Kim-et-Noalynn-reception-2-799x1024.jpeg\" alt=\"\u00e9quipe r\u00e9ception camping Le Petit Paris\" class=\"wp-image-10820 size-full\" srcset=\"https:\/\/www.campingpetitparis.com\/wp-content\/uploads\/2025\/11\/Manon-Kim-et-Noalynn-reception-2-799x1024.jpeg 799w, https:\/\/www.campingpetitparis.com\/wp-content\/uploads\/2025\/11\/Manon-Kim-et-Noalynn-reception-2-234x300.jpeg 234w, https:\/\/www.campingpetitparis.com\/wp-content\/uploads\/2025\/11\/Manon-Kim-et-Noalynn-reception-2-768x984.jpeg 768w, https:\/\/www.campingpetitparis.com\/wp-content\/uploads\/2025\/11\/Manon-Kim-et-Noalynn-reception-2.jpeg 1143w\" sizes=\"auto, (max-width: 799px) 100vw, 799px\" \/><\/figure><\/div>\n","protected":false},"excerpt":{"rendered":"<p>Goede redenen om naar Le Petit Paris te komen Op de Velodysed weg Accueil V\u00e9lo geaccrediteerd Talrijke fietspaden doorkruisen de kust en het achterland om de rijkdommen van de C\u00f4te de Lumi\u00e8re beter te ontdekken. Klantervaring staat bij ons centraal Warm en persoonlijk onthaal Het team geeft je graag toeristische informatie over de omgeving. Kwaliteitsinfrastructuren [&hellip;]<\/p>\n","protected":false},"author":1,"featured_media":0,"parent":0,"menu_order":0,"comment_status":"closed","ping_status":"closed","template":"","meta":{"_seopress_robots_primary_cat":"","_seopress_titles_title":"Waarom kiezen voor onze camping? Les Sables d'Olonne","_seopress_titles_desc":"Ontdek alle goede redenen om onze 4* camping te kiezen voor je volgende gezinsvakantie in de Vend\u00e9e.","_seopress_robots_index":"","footnotes":""},"class_list":["post-6345","page","type-page","status-publish","hentry"],"_links":{"self":[{"href":"https:\/\/www.campingpetitparis.com\/nl\/wp-json\/wp\/v2\/pages\/6345","targetHints":{"allow":["GET"]}}],"collection":[{"href":"https:\/\/www.campingpetitparis.com\/nl\/wp-json\/wp\/v2\/pages"}],"about":[{"href":"https:\/\/www.campingpetitparis.com\/nl\/wp-json\/wp\/v2\/types\/page"}],"author":[{"embeddable":true,"href":"https:\/\/www.campingpetitparis.com\/nl\/wp-json\/wp\/v2\/users\/1"}],"replies":[{"embeddable":true,"href":"https:\/\/www.campingpetitparis.com\/nl\/wp-json\/wp\/v2\/comments?post=6345"}],"version-history":[{"count":15,"href":"https:\/\/www.campingpetitparis.com\/nl\/wp-json\/wp\/v2\/pages\/6345\/revisions"}],"predecessor-version":[{"id":10846,"href":"https:\/\/www.campingpetitparis.com\/nl\/wp-json\/wp\/v2\/pages\/6345\/revisions\/10846"}],"wp:attachment":[{"href":"https:\/\/www.campingpetitparis.com\/nl\/wp-json\/wp\/v2\/media?parent=6345"}],"curies":[{"name":"wp","href":"https:\/\/api.w.org\/{rel}","templated":true}]}}