{"id":6563,"date":"2023-03-02T17:04:20","date_gmt":"2023-03-02T16:04:20","guid":{"rendered":"https:\/\/www.campingpetitparis.com\/de-diensten\/"},"modified":"2025-11-18T09:46:20","modified_gmt":"2025-11-18T08:46:20","slug":"de-diensten","status":"publish","type":"page","link":"https:\/\/www.campingpetitparis.com\/nl\/de-diensten\/","title":{"rendered":"De diensten"},"content":{"rendered":"\n<h1 class=\"wp-block-heading\">De diensten van onze 4-sterren camping in de Vend\u00e9e<\/h1>\n\n\n\n<div class=\"wp-block-media-text alignwide has-media-on-the-right is-stacked-on-mobile is-image-fill-element\"><div class=\"wp-block-media-text__content\">\n<h2 class=\"wp-block-heading has-text-align-left\">De ontvangst<\/h2>\n\n\n\n<p>Op Camping Le Petit Paris wacht u een <strong>warm<\/strong> en <strong>persoonlijk <\/strong>onthaal.<\/p>\n\n\n\n<p>Het team van de receptie staat tot uw beschikking voor alle informatie over de camping, maar ook over de regio en het toeristische aanbod.<\/p>\n\n\n\n<p>Wij zijn er om uw vakantie onvergetelijk te maken.<\/p>\n\n\n\n<p><strong>De receptie is open:<\/strong><\/p>\n\n\n\n<ul class=\"wp-block-list\">\n<li>Laagseizoen :<br>Maandag tot zaterdag van 9 tot 12 uur en van 14 tot 18 uur.  <br>en op zondag van 10 tot 12 uur<\/li>\n\n\n\n<li>Hoogseizoen :<br>Maandag tot zondag van 9 tot 13 uur en van 14 tot 19.45 uur.<\/li>\n<\/ul>\n\n\n\n<p>Camping LE PETIT PARIS, 4 sterren, ligt in Les <strong>Sables d&#8217;Olonne<\/strong> met zijn prachtige strand, in een groene omgeving tussen zee en natuur. Kom genieten van de rust en gezelligheid van deze kleine familiestructuur&#8230;<\/p>\n<\/div><figure class=\"wp-block-media-text__media\"><img loading=\"lazy\" decoding=\"async\" width=\"784\" height=\"582\" src=\"https:\/\/www.campingpetitparis.com\/wp-content\/uploads\/2023\/03\/imag2851-1.jpg\" alt=\"4 sterren camping receptie in de Vend\u00e9e\" class=\"wp-image-191 size-full\" style=\"object-position:50% 50%\" srcset=\"https:\/\/www.campingpetitparis.com\/wp-content\/uploads\/2023\/03\/imag2851-1.jpg 784w, https:\/\/www.campingpetitparis.com\/wp-content\/uploads\/2023\/03\/imag2851-1-300x223.jpg 300w, https:\/\/www.campingpetitparis.com\/wp-content\/uploads\/2023\/03\/imag2851-1-768x570.jpg 768w\" sizes=\"auto, (max-width: 784px) 100vw, 784px\" \/><\/figure><\/div>\n\n\n\n<figure class=\"wp-block-image aligncenter size-large is-resized has-custom-border\"><img alt=\"vagues\" loading=\"lazy\" decoding=\"async\" width=\"1024\" height=\"175\" src=\"https:\/\/www.campingpetitparis.com\/wp-content\/uploads\/2023\/03\/vagues-x1-1024x175.png\" alt=\"\" class=\"has-border-color has-white-border-color wp-image-194\" style=\"border-width:20px;width:256px;height:44px\" srcset=\"https:\/\/www.campingpetitparis.com\/wp-content\/uploads\/2023\/03\/vagues-x1-1024x175.png 1024w, https:\/\/www.campingpetitparis.com\/wp-content\/uploads\/2023\/03\/vagues-x1-300x51.png 300w, https:\/\/www.campingpetitparis.com\/wp-content\/uploads\/2023\/03\/vagues-x1-768x131.png 768w, https:\/\/www.campingpetitparis.com\/wp-content\/uploads\/2023\/03\/vagues-x1-1536x262.png 1536w, https:\/\/www.campingpetitparis.com\/wp-content\/uploads\/2023\/03\/vagues-x1.png 1689w\" sizes=\"auto, (max-width: 1024px) 100vw, 1024px\" \/><\/figure>\n\n\n\n<div class=\"wp-block-media-text alignwide is-stacked-on-mobile is-image-fill-element\"><figure class=\"wp-block-media-text__media\"><img alt=\"\" loading=\"lazy\" decoding=\"async\" width=\"1024\" height=\"768\" src=\"https:\/\/www.campingpetitparis.com\/wp-content\/uploads\/2023\/03\/DJI_20210609_154142_478-1024x768.jpg\" alt=\"\" class=\"wp-image-207 size-full\" style=\"object-position:0% 53%\" srcset=\"https:\/\/www.campingpetitparis.com\/wp-content\/uploads\/2023\/03\/DJI_20210609_154142_478-1024x768.jpg 1024w, https:\/\/www.campingpetitparis.com\/wp-content\/uploads\/2023\/03\/DJI_20210609_154142_478-300x225.jpg 300w, https:\/\/www.campingpetitparis.com\/wp-content\/uploads\/2023\/03\/DJI_20210609_154142_478-768x576.jpg 768w, https:\/\/www.campingpetitparis.com\/wp-content\/uploads\/2023\/03\/DJI_20210609_154142_478.jpg 1504w\" sizes=\"auto, (max-width: 1024px) 100vw, 1024px\" \/><\/figure><div class=\"wp-block-media-text__content\">\n<h2 class=\"wp-block-heading\">Praktische zaken<\/h2>\n\n\n\n<ul class=\"wp-block-list\">\n<li><strong>Wasserette en sanitair<br><\/strong>De camping is uitgerust met 3 wasmachines en 2 drogers die werken met munten of muntjes (te koop bij de receptie). Afwasmiddel is verkrijgbaar bij de receptie.<\/li>\n<\/ul>\n\n\n\n<ul class=\"wp-block-list\">\n<li><strong>Sanitairgebouw<br><\/strong>In het sanitairgebouw vindt u al het nodige comfort: babyruimte, douche en toilet voor mindervaliden, stopcontact, afwasbakken.<br>Bij de receptie kunt u een strijkplank en\/of strijkijzer en een haardroger lenen.<\/li>\n<\/ul>\n\n\n\n<ul class=\"wp-block-list\">\n<li><strong>De Flower app<\/strong><br>Download de Flower Campings applicatie op google play of apple store en ontdek het activiteiten en evenementen programma, de dienstregelingen, de toeristische trekpleisters\u2026<\/li>\n<\/ul>\n\n\n\n<ul class=\"wp-block-list\">\n<li><strong>Wifi<\/strong><br>Vrije toegang.<\/li>\n<\/ul>\n\n\n\n<ul class=\"wp-block-list\">\n<li><strong>Post<\/strong><br>Bij de receptie is een postservice beschikbaar.<\/li>\n<\/ul>\n\n\n\n<ul class=\"wp-block-list\">\n<li><strong>Barbecueplaats<\/strong><br>Bij het zwembad bevindt zich een gemeenschappelijke barbecueplaats met houtskool.<\/li>\n<\/ul>\n\n\n\n<ul class=\"wp-block-list\">\n<li><strong>Waterfontein<\/strong><br>Voyagez moins charg\u00e9 et profit\u00e9 de notre fontaine \u00e0 eau fraiche et filtr\u00e9e, plate ou gazeuse. C\u2019est \u00e9conomique et \u00e9cologique. Forfaits de 10L ou 20L. QR codes en vente \u00e0 l\u2019accueil.<\/li>\n<\/ul>\n\n\n\n<ul class=\"wp-block-list\">\n<li><strong>Verhuurservice<br><\/strong>Om met minder bagage te reizen, bieden wij de verhuur van diverse uitrustingen aan: beddengoed (90*190<em>en <\/em>140*190), handdoeken, babyuitrusting (kinderbed, kinderstoel, babybad (in pakket of afzonderlijk)), koelkast, gasbarbecue en ligstoelen.<\/li>\n<\/ul>\n\n\n\n<ul class=\"wp-block-list\">\n<li><strong>Late aankomsten<br><\/strong>Komt u aan buiten de openingstijden van de receptie? Geen probleem, neem gewoon telefonisch contact met ons op via 02.51.22.04.44 of per e-mail: <a href=\"mailto:contact@campingpetitparis.com\">contact@campingpetitparis.com<\/a> om ons te informeren en wij zullen de procedure voor late aankomsten uitleggen. (U kunt met de wagen naar uw plaats tot 23.00 uur. Na 23.00 uur kan je alleen te voet naar binnen).<\/li>\n<\/ul>\n<\/div><\/div>\n\n\n\n<figure class=\"wp-block-image aligncenter size-large is-resized has-custom-border\"><img alt=\"vagues\" loading=\"lazy\" decoding=\"async\" width=\"1024\" height=\"175\" src=\"https:\/\/www.campingpetitparis.com\/wp-content\/uploads\/2023\/03\/vagues-x1-1024x175.png\" alt=\"\" class=\"has-border-color has-white-border-color wp-image-194\" style=\"border-width:20px;border-radius:0px;width:256px;height:44px\" srcset=\"https:\/\/www.campingpetitparis.com\/wp-content\/uploads\/2023\/03\/vagues-x1-1024x175.png 1024w, https:\/\/www.campingpetitparis.com\/wp-content\/uploads\/2023\/03\/vagues-x1-300x51.png 300w, https:\/\/www.campingpetitparis.com\/wp-content\/uploads\/2023\/03\/vagues-x1-768x131.png 768w, https:\/\/www.campingpetitparis.com\/wp-content\/uploads\/2023\/03\/vagues-x1-1536x262.png 1536w, https:\/\/www.campingpetitparis.com\/wp-content\/uploads\/2023\/03\/vagues-x1.png 1689w\" sizes=\"auto, (max-width: 1024px) 100vw, 1024px\" \/><\/figure>\n\n\n\n<div class=\"wp-block-media-text alignwide has-media-on-the-right is-stacked-on-mobile is-image-fill-element\"><div class=\"wp-block-media-text__content\">\n<h2 class=\"wp-block-heading has-text-align-right\">Veiligheid<\/h2>\n\n\n\n<p class=\"has-text-align-right\">De poort is in het hoog- en laagseizoen geopend van <strong>7.30 tot 23.00 uur<\/strong>. Buiten parkeren is mogelijk bij de ingang van de camping.<\/p>\n\n\n\n<p class=\"has-text-align-right\">In juli en augustus wordt <strong>&#8217;s nachts toezicht<\/strong> gehouden door bewakers.<\/p>\n\n\n\n<p class=\"has-text-align-right\">De camping is uitgerust met een <strong>24-uurs videobewakingssysteem<\/strong> dat het hele jaar door in werking is.<\/p>\n\n\n\n<p class=\"has-text-align-right\">Om veiligheidsredenen en bij prefectureel besluit zijn houtskoolbarbecues op de camping verboden. Hiervoor is een ruimte gereserveerd bij de sanitaire voorzieningen van het zwembad.<\/p>\n<\/div><figure class=\"wp-block-media-text__media\"><img loading=\"lazy\" decoding=\"async\" width=\"600\" height=\"350\" src=\"https:\/\/www.campingpetitparis.com\/wp-content\/uploads\/2023\/03\/famille-camping-le-petit-paris-9-600x350-1.jpg\" alt=\"veilig kamperen in de Vend\u00e9e\" class=\"wp-image-197 size-full\" style=\"object-position:50% 50%\" srcset=\"https:\/\/www.campingpetitparis.com\/wp-content\/uploads\/2023\/03\/famille-camping-le-petit-paris-9-600x350-1.jpg 600w, https:\/\/www.campingpetitparis.com\/wp-content\/uploads\/2023\/03\/famille-camping-le-petit-paris-9-600x350-1-300x175.jpg 300w\" sizes=\"auto, (max-width: 600px) 100vw, 600px\" \/><\/figure><\/div>\n\n\n<div class=\"wp-block-sev-diaporama alignfull\">\t\t\t<div id=\"sevgallery-1630741419\" class=\"sev-diaporama sev-diaporama-portfolio\">\n\t\t\t<div class=\"row\">\n\n\t\t\t\n\t\t\t\t\n\t\t\t\t<div class=\"sev-diaporama-portfolio-item col-12 col-sm  col-grow\">\n\n\t\t\t\t\t\t\t\t\t\t<a href=\"https:\/\/www.campingpetitparis.com\/wp-content\/uploads\/2025\/11\/IMG_7720-1-1.jpeg\" data-lightbox=\"sevgallery-1630741419\" style=\"background-image: url(https:\/\/www.campingpetitparis.com\/wp-content\/uploads\/2025\/11\/IMG_7720-1-1.jpeg)\">\n\t\t\t\t\t\t\t\t\t\t\t<img decoding=\"async\" src=\"https:\/\/www.campingpetitparis.com\/wp-content\/uploads\/2025\/11\/IMG_7720-1-1.jpeg\" alt=\"s\u00e9jour aux sables d&#039;olonne\" loading=\"lazy\">\n\t\t\t\t\t\t\t\t\t\t<\/a>\n\t\t\t\t\t\t\t\t\t<\/div>\n\n\t\t\t\t\n\t\t\t\t\t\t\t\t\t\t\t\n\t\t\t\t\n\t\t\t\t<div class=\"sev-diaporama-portfolio-item col-12 col-sm  col-shrink\">\n\n\t\t\t\t\t\t\t\t\t\t<a href=\"https:\/\/www.campingpetitparis.com\/wp-content\/uploads\/2025\/11\/fontiane-a-eau-1.jpg\" data-lightbox=\"sevgallery-1630741419\" style=\"background-image: url(https:\/\/www.campingpetitparis.com\/wp-content\/uploads\/2025\/11\/fontiane-a-eau-1.jpg)\">\n\t\t\t\t\t\t\t\t\t\t\t<img decoding=\"async\" src=\"https:\/\/www.campingpetitparis.com\/wp-content\/uploads\/2025\/11\/fontiane-a-eau-1.jpg\" alt=\"Fontaine \u00e0 eau Sables d&#039;Olonne \" loading=\"lazy\">\n\t\t\t\t\t\t\t\t\t\t<\/a>\n\t\t\t\t\t\t\t\t\t<\/div>\n\n\t\t\t\t\t\t\t\t\t<div class=\"w-100\"><\/div>\n\t\t\t\t\t\t\t\t\t\n\t\t\t\t\t\t\t\t\t\t\t\t\t\t<\/div>\n\t\t\t<\/div>\n\n\t\t\t<script>\n\t\t\tjQuery(function($) {\n\n\t\t\t\tvar marginPortfolio = function() {\n\n\t\t\t\t\tvar $diapo          = $('#sevgallery-1630741419');\n\t\t\t\t\tvar container_width = $diapo.parent().outerWidth();\n\t\t\t\t\tvar side            = ( $(window).innerWidth() - container_width ) \/ 2;\n\n\t\t\t\t\t$diapo.css( {\n\t\t\t\t\t\t'margin-left': '-' + side + 'px',\n\t\t\t\t\t\t'margin-right': '-' + side + 'px',\n\t\t\t\t\t} );\n\t\t\t\t};\n\n\t\t\t\t$( window ).resize( function() {\n\t\t\t\t\tmarginPortfolio();\n\t\t\t\t} );\n\t\t\t\tmarginPortfolio();\n\t\t\t});\n\t\t\t<\/script>\n\t\t\t<\/div>","protected":false},"excerpt":{"rendered":"<p>De diensten van onze 4-sterren camping in de Vend\u00e9e Veiligheid De poort is in het hoog- en laagseizoen geopend van 7.30 tot 23.00 uur. Buiten parkeren is mogelijk bij de ingang van de camping. In juli en augustus wordt &#8217;s nachts toezicht gehouden door bewakers. De camping is uitgerust met een 24-uurs videobewakingssysteem dat het [&hellip;]<\/p>\n","protected":false},"author":1,"featured_media":0,"parent":0,"menu_order":0,"comment_status":"closed","ping_status":"closed","template":"","meta":{"_seopress_robots_primary_cat":"","_seopress_titles_title":"Profiteer tijdens uw verblijf van de diensten van camping Le Petit Paris","_seopress_titles_desc":"Camping Petit Paris, gelegen in Les Sables d'Olonne, biedt een groot aantal diensten om uw vakantie comfortabel te maken.","_seopress_robots_index":"","footnotes":""},"class_list":["post-6563","page","type-page","status-publish","hentry"],"_links":{"self":[{"href":"https:\/\/www.campingpetitparis.com\/nl\/wp-json\/wp\/v2\/pages\/6563","targetHints":{"allow":["GET"]}}],"collection":[{"href":"https:\/\/www.campingpetitparis.com\/nl\/wp-json\/wp\/v2\/pages"}],"about":[{"href":"https:\/\/www.campingpetitparis.com\/nl\/wp-json\/wp\/v2\/types\/page"}],"author":[{"embeddable":true,"href":"https:\/\/www.campingpetitparis.com\/nl\/wp-json\/wp\/v2\/users\/1"}],"replies":[{"embeddable":true,"href":"https:\/\/www.campingpetitparis.com\/nl\/wp-json\/wp\/v2\/comments?post=6563"}],"version-history":[{"count":5,"href":"https:\/\/www.campingpetitparis.com\/nl\/wp-json\/wp\/v2\/pages\/6563\/revisions"}],"predecessor-version":[{"id":10677,"href":"https:\/\/www.campingpetitparis.com\/nl\/wp-json\/wp\/v2\/pages\/6563\/revisions\/10677"}],"wp:attachment":[{"href":"https:\/\/www.campingpetitparis.com\/nl\/wp-json\/wp\/v2\/media?parent=6563"}],"curies":[{"name":"wp","href":"https:\/\/api.w.org\/{rel}","templated":true}]}}